
{"id":6267,"date":"2021-10-12T07:38:13","date_gmt":"2021-10-12T07:38:13","guid":{"rendered":"https:\/\/autopart.ththeme.net\/?page_id=3"},"modified":"2024-02-23T17:31:07","modified_gmt":"2024-02-23T16:31:07","slug":"cookie-policy","status":"publish","type":"page","link":"https:\/\/maclon.com\/index.php\/cookie-policy\/","title":{"rendered":"Cookie policy"},"content":{"rendered":"\t\t<div data-elementor-type=\"wp-page\" data-elementor-id=\"6267\" class=\"elementor elementor-6267\">\n\t\t\t\t<div class=\"elementor-element elementor-element-74430b5a e-flex e-con-boxed e-con e-parent\" data-id=\"74430b5a\" data-element_type=\"container\" data-core-v316-plus=\"true\">\n\t\t\t\t\t<div class=\"e-con-inner\">\n\t\t\t\t<div class=\"elementor-element elementor-element-522aeda1 elementor-widget elementor-widget-text-editor\" data-id=\"522aeda1\" data-element_type=\"widget\" data-widget_type=\"text-editor.default\">\n\t\t\t\t<div class=\"elementor-widget-container\">\n\t\t\t<style>\/*! elementor - v3.20.0 - 29-02-2024 *\/\n.elementor-widget-text-editor.elementor-drop-cap-view-stacked .elementor-drop-cap{background-color:#69727d;color:#fff}.elementor-widget-text-editor.elementor-drop-cap-view-framed .elementor-drop-cap{color:#69727d;border:3px solid;background-color:transparent}.elementor-widget-text-editor:not(.elementor-drop-cap-view-default) .elementor-drop-cap{margin-top:8px}.elementor-widget-text-editor:not(.elementor-drop-cap-view-default) .elementor-drop-cap-letter{width:1em;height:1em}.elementor-widget-text-editor .elementor-drop-cap{float:left;text-align:center;line-height:1;font-size:50px}.elementor-widget-text-editor .elementor-drop-cap-letter{display:inline-block}<\/style>\t\t\t\t<!-- wp:heading -->\n<h1><img fetchpriority=\"high\" decoding=\"async\" class=\"alignnone size-full wp-image-7156\" src=\"https:\/\/maclon.com\/wp-content\/uploads\/2024\/02\/cookie.jpg\" alt=\"\" width=\"1024\" height=\"305\" srcset=\"https:\/\/maclon.com\/wp-content\/uploads\/2024\/02\/cookie.jpg 1024w, https:\/\/maclon.com\/wp-content\/uploads\/2024\/02\/cookie-300x89.jpg 300w, https:\/\/maclon.com\/wp-content\/uploads\/2024\/02\/cookie-768x229.jpg 768w\" sizes=\"(max-width: 1024px) 100vw, 1024px\" \/><\/h1>\n<h1 id=\"90510001\" class=\"wp-block-heading\">Informativa sui Cookie<\/h1>\n<!-- \/wp:heading --><!-- wp:paragraph -->\n<p>Per rendere il nostro sito pi\u00f9 facile ed intuitivo facciamo uso dei cookie. I cookie sono piccole porzioni di dati che ci consentono di di capire come gli utenti navigano attraverso il nostro sito. Utilizziamo i dati raccolti grazie ai cookie per rendere l\u2018esperienza di navigazione pi\u00f9 piacevole e pi\u00f9 efficiente in futuro.<br \/>I cookie non registrano alcuna informazione personale su un utente e gli eventuali dati identificabili non verranno memorizzati. Se si desidera disabilitare l\u2018uso dei cookie \u00e8 necessario personalizzare le impostazioni del proprio browser impostando la cancellazione di tutti i cookie o attivando un messaggio di avviso quando i cookie vengono memorizzati. Per procedere senza modificare l\u2018applicazione dei cookie \u00e8 sufficiente continuare con la navigazione.<br \/>Visita AboutCookies.org per ulteriori informazioni sui cookie e su come influenzano la tua esperienza di navigazione.<\/p>\n<!-- \/wp:paragraph --><!-- wp:paragraph -->\n<p>I tipi di cookie che utilizziamo<\/p>\n<!-- \/wp:paragraph --><!-- wp:paragraph -->\n<p><strong>Cookie indispensabili<\/strong><\/p>\n<!-- \/wp:paragraph --><!-- wp:paragraph -->\n<p>Questi cookie sono essenziali al fine di consentire di utilizzare a pieno le sue caratteristiche, come ad esempio compilare un modulo di contatto. Senza questi cookie alcune funzionalit\u00e0 del sito non possono essere usufruite.<\/p>\n<!-- \/wp:paragraph --><!-- wp:paragraph -->\n<p><strong>Performance cookies<\/strong><\/p>\n<!-- \/wp:paragraph --><!-- wp:paragraph -->\n<p>Questi cookie raccolgono informazioni su come gli utenti utilizzano un sito web, ad esempio, quali sono le pagine pi\u00f9 visitate. Questi cookie non raccolgono informazioni che identificano un visitatore. Tutte le informazioni raccolte tramite cookie sono aggregate e quindi anonime. Vengono utilizzati solo per migliorare il funzionamento di un sito web.<br \/>Utilizzando il nostro sito, l\u2019utente accetta che tali cookie possono essere installati sul proprio dispositivo.<\/p>\n<!-- \/wp:paragraph --><!-- wp:paragraph -->\n<p><strong>Come gestire i cookie sul vostro device<\/strong><\/p>\n<!-- \/wp:paragraph --><!-- wp:paragraph -->\n<p>Per informazioni su come gestire (abilitare\/disabilitare) i cookie sul vostro computer, potete consultare i seguenti link, a seconda del vostro browser:<\/p>\n<!-- \/wp:paragraph --><!-- wp:paragraph -->\n<p>Chrome: https:\/\/support.google.com\/chrome\/answer\/95647?hl=en<br \/>Safari: https:\/\/support.apple.com\/kb\/PH17191?viewlocale=en_US<br \/>Firefox: https:\/\/support.mozilla.org\/en-US\/kb\/enable-and-disable-cookies-website-preferences<br \/>Microsoft Explorer: http:\/\/windows.microsoft.com\/it-it\/windows7\/how-to-manage-cookies-in-internet-explorer-9<br \/>Ulteriori informazioni sui cookies \u00e8 consultabile nel sito del Garante della Privacy: http:\/\/www.garanteprivacy.it\/cookie<\/p>\n<!-- \/wp:paragraph --><!-- wp:paragraph -->\n<p><strong>Google Analytics<\/strong><\/p>\n<!-- \/wp:paragraph --><!-- wp:paragraph -->\n<p>Questo sito web utilizza Google Analytics, un servizio di analisi web fornito da Google , Inc. ( \u201cGoogle\u201d) . Google Analytics utilizza dei \u201ccookies\u201d , che sono file di testo depositati sul Vostro computer per consentire al sito web di analizzare come gli utenti utilizzano il sito . Le informazioni generate dal cookie sull\u2018utilizzo del sito web (compreso il vostro indirizzo IP in forma anonima) verranno trasmesse e depositate presso i server di Google. Google utilizzer\u00e0 queste informazioni allo scopo di compilare report sulle attivit\u00e0 del sito per gli amministratori dello stesso e fornire altri servizi relativi alle attivit\u00e0 del sito web e all\u2018utilizzo di internet. Google pu\u00f2 anche trasferire queste informazioni a terzi ove ci\u00f2 sia imposto dalla legge o laddove tali terzi trattino le suddette informazioni per conto di Google. Potete rifiutarvi di usare i cookies selezionando l\u2018impostazione appropriata sul vostro browser, ma si prega di notare che in questo modo non si pu\u00f2 essere in grado di utilizzare tutte le funzionalit\u00e0 di questo sito web . Utilizzando il presente sito web, voi acconsentite al trattamento dei vostri dati da parte di Google per le modalit\u00e0 ed i fini sopraindicati .<br \/>Si pu\u00f2 impedire a Google il rilevamento di un cookie che viene generato a causa di e legato al vostro utilizzo di questo sito web e l\u2018elaborazione di tali dati scaricando e installando questo plugin per il browser: Google Analytics Opt-out Browser Add-on<\/p>\n<!-- \/wp:paragraph --><!-- wp:paragraph -->\n<p>In ogni caso, vi segnaliamo che in questo sito \u00e8 stato predisposto uno specifico parametro che forza Google a raccogliere l\u2018indirizzo IP solo in forma anonima<\/p>\n<!-- \/wp:paragraph --><!-- wp:paragraph -->\n<p><strong>Ulteriori informazioni<\/strong><\/p>\n<!-- \/wp:paragraph --><!-- wp:paragraph -->\n<p>Confidando di avervi fornito utili informazioni sull\u2019utilizzo dei cookie in questo sito, se avete necessit\u00e0 di chiarimenti in merito, non esitate a contattarci:<\/p>\n<!-- \/wp:paragraph --><!-- wp:paragraph -->\n<p>privacy@maclon.com<\/p>\n<!-- \/wp:paragraph -->\t\t\t\t\t\t<\/div>\n\t\t\t\t<\/div>\n\t\t\t\t\t<\/div>\n\t\t\t\t<\/div>\n\t\t\t\t<\/div>\n\t\t","protected":false},"excerpt":{"rendered":"<p>Informativa sui Cookie Per rendere il nostro sito pi\u00f9 facile ed intuitivo facciamo uso dei cookie. I cookie sono piccole porzioni di dati che ci consentono di di capire come gli utenti navigano attraverso il nostro sito. Utilizziamo i dati raccolti grazie ai cookie per rendere l\u2018esperienza di navigazione pi\u00f9 piacevole e pi\u00f9 efficiente in [&hellip;]<\/p>\n","protected":false},"author":1,"featured_media":0,"parent":0,"menu_order":0,"comment_status":"closed","ping_status":"closed","template":"","meta":{"_monsterinsights_skip_tracking":false,"_monsterinsights_sitenote_active":false,"_monsterinsights_sitenote_note":"","_monsterinsights_sitenote_category":0,"footnotes":""},"class_list":["post-6267","page","type-page","status-publish","hentry"],"_links":{"self":[{"href":"https:\/\/maclon.com\/index.php\/wp-json\/wp\/v2\/pages\/6267","targetHints":{"allow":["GET"]}}],"collection":[{"href":"https:\/\/maclon.com\/index.php\/wp-json\/wp\/v2\/pages"}],"about":[{"href":"https:\/\/maclon.com\/index.php\/wp-json\/wp\/v2\/types\/page"}],"author":[{"embeddable":true,"href":"https:\/\/maclon.com\/index.php\/wp-json\/wp\/v2\/users\/1"}],"replies":[{"embeddable":true,"href":"https:\/\/maclon.com\/index.php\/wp-json\/wp\/v2\/comments?post=6267"}],"version-history":[{"count":5,"href":"https:\/\/maclon.com\/index.php\/wp-json\/wp\/v2\/pages\/6267\/revisions"}],"predecessor-version":[{"id":7159,"href":"https:\/\/maclon.com\/index.php\/wp-json\/wp\/v2\/pages\/6267\/revisions\/7159"}],"wp:attachment":[{"href":"https:\/\/maclon.com\/index.php\/wp-json\/wp\/v2\/media?parent=6267"}],"curies":[{"name":"wp","href":"https:\/\/api.w.org\/{rel}","templated":true}]}}